{"id":9730,"date":"2021-12-27T08:28:29","date_gmt":"2021-12-27T08:28:29","guid":{"rendered":"https:\/\/biannalab.com\/politica-de-privacidad\/"},"modified":"2021-12-27T08:28:29","modified_gmt":"2021-12-27T08:28:29","slug":"politica-de-privacidad","status":"publish","type":"page","link":"https:\/\/biannalab.com\/ru\/politica-de-privacidad\/","title":{"rendered":"Pol\u00edtica de privacidad"},"content":{"rendered":"<div class=\"fusion-fullwidth fullwidth-box fusion-builder-row-1 fusion-flex-container nonhundred-percent-fullwidth non-hundred-percent-height-scrolling\" style=\"--awb-border-radius-top-left:0px;--awb-border-radius-top-right:0px;--awb-border-radius-bottom-right:0px;--awb-border-radius-bottom-left:0px;--awb-flex-wrap:wrap;\" ><div class=\"fusion-builder-row fusion-row fusion-flex-align-items-flex-start fusion-flex-content-wrap\" style=\"max-width:1144px;margin-left: calc(-4% \/ 2 );margin-right: calc(-4% \/ 2 );\"><div class=\"fusion-layout-column fusion_builder_column fusion-builder-column-0 fusion_builder_column_1_3 1_3 fusion-flex-column\" style=\"--awb-bg-size:cover;--awb-width-large:33.333333333333%;--awb-margin-top-large:0px;--awb-spacing-right-large:5.76%;--awb-margin-bottom-large:0px;--awb-spacing-left-large:5.76%;--awb-width-medium:100%;--awb-order-medium:0;--awb-spacing-right-medium:1.92%;--awb-spacing-left-medium:1.92%;--awb-width-small:100%;--awb-order-small:0;--awb-spacing-right-small:1.92%;--awb-spacing-left-small:1.92%;\"><div class=\"fusion-column-wrapper fusion-column-has-shadow fusion-flex-justify-content-flex-start fusion-content-layout-column\"><div class=\"fusion-title title fusion-title-1 fusion-sep-none fusion-title-text fusion-title-size-one\"><h1 class=\"fusion-title-heading title-heading-left fusion-responsive-typography-calculated\" style=\"margin:0;--fontSize:18;--minFontSize:18;line-height:1.3;\"><strong>POL\u00cdTICA DE PRIVACIDAD<\/strong><\/h1><\/div><\/div><\/div><div class=\"fusion-layout-column fusion_builder_column fusion-builder-column-1 fusion_builder_column_2_3 2_3 fusion-flex-column\" style=\"--awb-bg-size:cover;--awb-width-large:66.666666666667%;--awb-margin-top-large:0px;--awb-spacing-right-large:2.88%;--awb-margin-bottom-large:0px;--awb-spacing-left-large:2.88%;--awb-width-medium:100%;--awb-order-medium:0;--awb-spacing-right-medium:1.92%;--awb-spacing-left-medium:1.92%;--awb-width-small:100%;--awb-order-small:0;--awb-spacing-right-small:1.92%;--awb-spacing-left-small:1.92%;\"><div class=\"fusion-column-wrapper fusion-column-has-shadow fusion-flex-justify-content-flex-start fusion-content-layout-column\"><div class=\"fusion-text fusion-text-1\"><p>Cuando necesitemos obtener informaci\u00f3n por su parte, siempre le solicitaremos que nos la proporcione voluntariamente de forma expresa. Los datos solicitados a trav\u00e9s de los formularios de recogida de datos de la p\u00e1gina web o por otras v\u00edas ser\u00e1n incorporados a un fichero de datos de car\u00e1cter personal, del que es responsable Bianna Creative Lab, S.L.. Esta entidad tratar\u00e1 los datos confidencialmente y con la \u00fanica finalidad de prestar los servicios solicitados, con todas las garant\u00edas legales y de seguridad que impone la LO 3\/2018, de 5 de diciembre, de protecci\u00f3n de datos de car\u00e1cter personal,\u00a0 el Reglamento (UE) 2016\/679 del Parlamento Europeo y del Consejo, de 27 de abril de 2016 (RGPD) y la Ley 34\/2002, de 11 de julio, de servicios de la sociedad de la informaci\u00f3n y comercio electr\u00f3nico.<\/p>\n<p>Bianna Creative Lab, S.L., se compromete a no ceder, vender ni compartir los datos con terceros sin su expresa aprobaci\u00f3n.<\/p>\n<p>As\u00ed mismo, Bianna Creative Lab, S.L. cancelar\u00e1 o rectificar\u00e1 los datos que sean inexactos, incompletos o hayan dejado de ser necesarios\u00a0 o pertinentes para la finalidad para la que fueron recogidos,\u00a0 con arreglo a las disposiciones de la LO 3\/2018, de 5 de diciembre, de protecci\u00f3n de Datos de car\u00e1cter personal.<\/p>\n<p>El usuario podr\u00e1 revocar el consentimiento y ejercitar sus derechos de acceso, rectificaci\u00f3n, limitaci\u00f3n de tratamiento, portabilidad, cancelaci\u00f3n y oposici\u00f3n dirigi\u00e9ndose por escrito al domicilio social de Bianna Creative Lab, S.L. situado en\u00a0 C\/ Padr\u00f3 s\/n \u2013 17460 Celr\u00e0 \u2013 Barcelona \u2013\u00a0 Espa\u00f1a, identificado debidamente e indicando de forma visible el derecho concreto que se ejerce.<\/p>\n<p>Bianna Creative Lab, S.L., adopta los correspondientes niveles de seguridad requeridos por la citada LO 3\/2018 y dem\u00e1s normativa aplicable. Sin embargo, no asume ninguna responsabilidad por da\u00f1os y perjuicios derivados de alteraciones que terceros pueden causar en los sistemas inform\u00e1ticos, documentos electr\u00f3nicos o ficheros del usuario.<\/p>\n<p>Bianna Creative Lab, S.L., podr\u00e1 utiliza cookies durante la prestaci\u00f3n de servicios del sitio web. Las cookies son ficheros f\u00edsicos de informaci\u00f3n personal almacenados en el propio terminal del usuario. El usuario tiene la posibilidad de configurar su navegador para evitar la creaci\u00f3n de cookies o advertir de ellas.<\/p>\n<p>Si opta por abandonar nuestro sitio web a trav\u00e9s de enlaces a sitios web no pertenecientes a nuestra instituci\u00f3n, Bianna Creative Lab, S.L., no se har\u00e1 responsable de las pol\u00edticas de privacidad de estos sitios web ni de las cookies que puedan llegar a almacenarse en la computadora del usuario.<\/p>\n<p>Nuestra pol\u00edtica respecto al correo electr\u00f3nico se centra en remitir \u00fanicamente comunicaciones que usted haya solicitado recibir.<\/p>\n<p>Si usted prefiere no recibir estos mensajes por correo electr\u00f3nico, le ofreceremos, a trav\u00e9s del mismo, la posibilidad de ejercer su derecho de cancelaci\u00f3n y renuncia a recibir estos mensajes, de conformidad con las disposiciones del t\u00edtulo III, art\u00edculo 22, de la Ley 34\/2002 de servicios de la sociedad de la informaci\u00f3n y comercio electr\u00f3nico.<\/p>\n<p><strong>\u00a0<\/strong><\/p>\n<p><strong>Procedimiento en caso de llevar a cabo actividades ilegales.<\/strong><\/p>\n<p>En caso de que cualquier usuario o tercero considere que existen hechos o circunstancias que revelen el car\u00e1cter il\u00edcito de la utilizaci\u00f3n de cualquier contenido y\/o la realizaci\u00f3n de cualquier actividad en las p\u00e1ginas web incluidas o accesibles a trav\u00e9s de el sitio web, deber\u00e1 enviar una notificaci\u00f3n al propietario de la p\u00e1gina web identific\u00e1ndose debidamente, especificando las supuestas infracciones y declarando expresamente y bajo su propia responsabilidad, que la informaci\u00f3n proporcionada en la notificaci\u00f3n es exacta.<\/p>\n<p>Se aplicar\u00e1n a todas las disputas que afecten a la p\u00e1gina web de, Bianna Creative Lab, S.L. la legislaci\u00f3n espa\u00f1ola, siendo competentes\u00a0 los tribunales y juzgados correspondientes.<\/p>\n<\/div><\/div><\/div><\/div><\/div>\n","protected":false},"excerpt":{"rendered":"","protected":false},"author":1,"featured_media":0,"parent":0,"menu_order":0,"comment_status":"closed","ping_status":"closed","template":"","meta":{"footnotes":""},"class_list":["post-9730","page","type-page","status-publish","hentry"],"_links":{"self":[{"href":"https:\/\/biannalab.com\/ru\/wp-json\/wp\/v2\/pages\/9730","targetHints":{"allow":["GET"]}}],"collection":[{"href":"https:\/\/biannalab.com\/ru\/wp-json\/wp\/v2\/pages"}],"about":[{"href":"https:\/\/biannalab.com\/ru\/wp-json\/wp\/v2\/types\/page"}],"author":[{"embeddable":true,"href":"https:\/\/biannalab.com\/ru\/wp-json\/wp\/v2\/users\/1"}],"replies":[{"embeddable":true,"href":"https:\/\/biannalab.com\/ru\/wp-json\/wp\/v2\/comments?post=9730"}],"version-history":[{"count":0,"href":"https:\/\/biannalab.com\/ru\/wp-json\/wp\/v2\/pages\/9730\/revisions"}],"wp:attachment":[{"href":"https:\/\/biannalab.com\/ru\/wp-json\/wp\/v2\/media?parent=9730"}],"curies":[{"name":"wp","href":"https:\/\/api.w.org\/{rel}","templated":true}]}}