{"id":9701,"date":"2021-12-27T08:15:06","date_gmt":"2021-12-27T08:15:06","guid":{"rendered":"https:\/\/biannalab.com\/?page_id=9701"},"modified":"2021-12-27T08:17:44","modified_gmt":"2021-12-27T08:17:44","slug":"aviso-legal","status":"publish","type":"page","link":"https:\/\/biannalab.com\/pt-pt\/aviso-legal\/","title":{"rendered":"Aviso legal"},"content":{"rendered":"<div class=\"fusion-fullwidth fullwidth-box fusion-builder-row-1 fusion-flex-container nonhundred-percent-fullwidth non-hundred-percent-height-scrolling\" style=\"--awb-border-radius-top-left:0px;--awb-border-radius-top-right:0px;--awb-border-radius-bottom-right:0px;--awb-border-radius-bottom-left:0px;--awb-margin-top:120px;--awb-flex-wrap:wrap;\" ><div class=\"fusion-builder-row fusion-row fusion-flex-align-items-flex-start fusion-flex-content-wrap\" style=\"max-width:1144px;margin-left: calc(-4% \/ 2 );margin-right: calc(-4% \/ 2 );\"><div class=\"fusion-layout-column fusion_builder_column fusion-builder-column-0 fusion_builder_column_1_3 1_3 fusion-flex-column\" style=\"--awb-bg-size:cover;--awb-width-large:33.333333333333%;--awb-margin-top-large:0px;--awb-spacing-right-large:5.76%;--awb-margin-bottom-large:0px;--awb-spacing-left-large:5.76%;--awb-width-medium:100%;--awb-order-medium:0;--awb-spacing-right-medium:1.92%;--awb-spacing-left-medium:1.92%;--awb-width-small:100%;--awb-order-small:0;--awb-spacing-right-small:1.92%;--awb-spacing-left-small:1.92%;\"><div class=\"fusion-column-wrapper fusion-column-has-shadow fusion-flex-justify-content-flex-start fusion-content-layout-column\"><div class=\"fusion-title title fusion-title-1 fusion-sep-none fusion-title-text fusion-title-size-one\"><h1 class=\"fusion-title-heading title-heading-left fusion-responsive-typography-calculated\" style=\"margin:0;--fontSize:18;--minFontSize:18;line-height:1.3;\"><strong>AVISO LEGAL<\/strong><\/h1><\/div><\/div><\/div><div class=\"fusion-layout-column fusion_builder_column fusion-builder-column-1 fusion_builder_column_2_3 2_3 fusion-flex-column\" style=\"--awb-bg-size:cover;--awb-width-large:66.666666666667%;--awb-margin-top-large:0px;--awb-spacing-right-large:2.88%;--awb-margin-bottom-large:0px;--awb-spacing-left-large:2.88%;--awb-width-medium:100%;--awb-order-medium:0;--awb-spacing-right-medium:1.92%;--awb-spacing-left-medium:1.92%;--awb-width-small:100%;--awb-order-small:0;--awb-spacing-right-small:1.92%;--awb-spacing-left-small:1.92%;\"><div class=\"fusion-column-wrapper fusion-column-has-shadow fusion-flex-justify-content-flex-start fusion-content-layout-column\"><div class=\"fusion-text fusion-text-1\"><p><strong>Objeto y aceptaci\u00f3n<\/strong><\/p>\n<p>El presente aviso legal regula el uso de la web www.biannalab.com que es de titularidad de Bianna Creative Lab, S.L.<\/p>\n<p>La navegaci\u00f3n por el sitio web de\u00a0 Bianna Creative Lab, S.L. atribuye la condici\u00f3n de usuario del mismo y supone la aceptaci\u00f3n plena y sin reservas de todas y cada una de las disposiciones incluidas en este Aviso Legal, susceptibles de\u00a0 sufrir modificaciones<\/p>\n<p>El usuario est\u00e1 obligado a hacer un uso correcto de la web conforme a la ley, la buena fe, el orden p\u00fablico, los usos del tr\u00e1fico y el presente Aviso Legal. El usuario responder\u00e1 frente al propietario de la web o ante terceros por los da\u00f1os y perjuicios que puedan surgir como consecuencia del incumplimiento de esta obligaci\u00f3n.<\/p>\n<p><strong>Identificaci\u00f3n y comunicaciones<\/strong><\/p>\n<p>Bianna Creative Lab, S.L., en cumplimiento de ley 34\/2002, de 11 de julio, de servicios de la sociedad de la informaci\u00f3n y comercio Electr\u00f3nicos (LSSI), le informa que:<\/p>\n<p>Su denominaci\u00f3n social es: Bianna Creative Lab, S.L.<\/p>\n<p>Su\u00a0 nombre comercial es: Bianna Creative Lab<\/p>\n<p>Su CIF es: B55340921<\/p>\n<p>Su domicilio social se encuentra en: C\/ Padr\u00f3 s\/n \u2013 17460 Celr\u00e0 \u2013 Barcelona \u2013\u00a0 Espa\u00f1a<\/p>\n<p>Para comunicarse con nosotros, ponemos a su disposici\u00f3n diversos medios de contacto que se detallan a continuaci\u00f3n:<\/p>\n<p>Tel\u00e9fono: +34 902 104 266<\/p>\n<p>Correo electr\u00f3nico: info@biannalab.com<\/p>\n<p>Todas las notificaciones y comunicaciones entre los usuarios y el propietario del sitio web se considerar\u00e1n eficaces, a todos los efectos, cuando se lleven a cabo a trav\u00e9s de correo postal o cualquier otro medio detallado anteriormente.<\/p>\n<p><strong>Condiciones de acceso y uso <\/strong><\/p>\n<p>El\u00a0 sitio web y sus servicios son de acceso libre y gratuito, no obstante Bianna Creative Lab, S.L. condiciona el uso de algunos de los servicios ofrecidos en su sitio Web a la pr\u00e9via cumplimentaci\u00f3n del correspondiente formulario.<\/p>\n<p>El usuario garantiza la autenticidad y actualidad de todos los datos\u00a0 que comunique a Bianna Creative Lab, S.L. y ser\u00e1 \u00fanico responsable de las manifestaciones falsas o inexactas que lleve a cabo.<\/p>\n<p>El usuario se compromete a hacer un uso adecuado de los contenidos y servicios de Bianna Creative Lab, S.L. y a no utilizarlos para, entre otras cosas: difusi\u00f3n de contenidos delictivos, violentos,\u00a0 pornogr\u00e1ficos, racistas, xen\u00f3fobos,\u00a0 ofensivos, de apolog\u00eda del terrorismo o, en general, contrarios a la ley o al orden p\u00fablico.<\/p>\n<p>Introducir en las red virus inform\u00e1ticos o realizar actuaciones susceptibles de alterar, da\u00f1ar, interrumpir o generar errores o da\u00f1os en los datos, documentos electr\u00f3nicos en los datos o en los sistemas f\u00edsicos y l\u00f3gicos del propietario del sitio web o de terceros, as\u00ed como obstaculizar el acceso de otros usuarios al sitio web y a sus servicios mediante el consumo masivo de los recursos inform\u00e1ticos a trav\u00e9s de los cuales el propietario de la p\u00e1gina web presta sus servicios.<\/p>\n<p>Intentar obtener acceso a las cuentas de correo electr\u00f3nico de otros usuarios o a \u00e1reas restringidas de los sistemas inform\u00e1ticos de Bianna Creative Lab, S.L. o de terceros y, en su caso, extraer informaci\u00f3n.<\/p>\n<p>Vulnerar los derechos de propiedad intelectual o industrial, as\u00ed como violar la confidencialidad de la informaci\u00f3n del Bianna Creative Lab, S.L. o terceros.<\/p>\n<p>Suplantar la identidad de otro usuario, de las administraciones p\u00fablicas o de un tercero.<\/p>\n<p>Reproducir, copiar, distribuir, poner a disposici\u00f3n o de cualquier otra forma, comunicar p\u00fablicamente, transformar o modificar los contenidos, a menos que cuente con el permiso del titular de los correspondientes derechos o ello resulte legalmente permitido.<\/p>\n<p>Solicite datos con fines publicitarios y enviar publicidad de cualquier clase y comunicaciones con fines de venta u otros de naturaleza comercial sin que haya previa solicitud o consentimiento.<\/p>\n<p>Todos los contenidos de este sitio web, incluyendo textos, fotograf\u00edas, gr\u00e1ficos, im\u00e1genes, iconos, tecnolog\u00eda y software, as\u00ed como sus dise\u00f1o gr\u00e1fico y c\u00f3digos fuente, constituyen una obra,\u00a0 cuya propiedad\u00a0 pertenece a Bianna Creative Lab, S.L. sin que puedan entender cedidos al usuario ninguno de los derechos de explotaci\u00f3n sobre los mismos m\u00e1s all\u00e1 de lo estrictamente necesario para el correcto uso del sitio Web.<\/p>\n<p>En definitiva,\u00a0 los usuarios que accedan a este sitio web pueden visualizar sus contenidos y llevar a cabo, si es necesario, copias privadas autorizadas, siempre que los elementos reproducidos no se transfieren a terceros, o se instalan en los servidores conectados a redes, ni sean objeto de ning\u00fan tipo de explotaci\u00f3n. Adem\u00e1s, todos las marcas, nombres comerciales o distintivos de cualquier clase que aparecen en el sitio web son propiedad de Bianna Creative Lab, S.L. sin que puede entender que el uso o acceso al mismo atribuye al derecho sobre los mismos<\/p>\n<p>Queda prohibida la distribuci\u00f3n, modificaci\u00f3n, cesi\u00f3n o comunicaci\u00f3n p\u00fablica de los contenidos y cualquier otro acto que no haya sido expresamente autorizada por el titular de los derechos de explotaci\u00f3n. El establecimiento de un hiperenlace no implica en ning\u00fan caso, la existencia de relaciones entre Bianna Creative Lab, S.L. y el propietario de la p\u00e1gina web en la que se establezca, ni la aceptaci\u00f3n y aprobaci\u00f3n por parte de Bianna Creative Lab, S.L. \u00a0de sus contenidos o servicios. Aquellos que quieran establecer un hiperenlace previamente, deber\u00e1 solicitar autorizaci\u00f3n por escrito a Bianna Creative Lab, S.L. En cualquier caso, el hiperenlace s\u00f3lo permitir\u00e1 el acceso a la homepage o p\u00e1gina de inicio de nuestro sitio Web. Asimismo, Usted deber\u00e1 abstenerse de realizar manifestaciones o indicaciones falsas, inexactas o incorrectas\u00a0 sobre Bianna Creative Lab, S.L. \u00a0o incluir contenidos il\u00edcitos contrarios a los buenos usos y el orden .<\/p>\n<p>Bianna Creative Lab, S.L. no es responsable del uso que cada usuario de a los materiales disponibles en este sitio web ni de las acciones que lleve a cabo en base a los mismos.<\/p>\n<p><strong>Exclusi\u00f3n de garant\u00edas y responsabilidad<\/strong><\/p>\n<p>El contenido de este sitio web es de car\u00e1cter general y tiene una finalidad meramente informativa, sin que se garantice plenamente el acceso a todo el contenido, ni su exhaustividad, correcci\u00f3n, vigencia o actualidad ni su idoneidad o utilidad para un objetivo espec\u00edfico.<\/p>\n<p>El propietario de la P\u00e1gina Web excluye, hasta donde le permite el ordenamiento jur\u00eddico, cualquier responsabilidad por da\u00f1os y perjuicios de cualquier naturaleza derivados de:<\/p>\n<ol>\n<li>a) La imposibilidad de acceso a la web o la falta de veracidad, exactitud, exhaustividad y\/o actualidad de los contenidos, as\u00ed como la existencia de vicios y defectos de toda clase de los contenidos transmitidos, difundidos, almacenados, puestos a disposici\u00f3n, a los que se haya accedido a trav\u00e9s de la web o los servicios que se ofrecen<\/li>\n<li>b) La presencia de virus u otros elementos en los contenidos que puedan producir alteraciones en los sistemas inform\u00e1ticos, documentos electr\u00f3nicos o datos de usuario.<\/li>\n<li>c) El incumplimiento de la leyes, la buena fe, el orden p\u00fablico, los usos del tr\u00e1fico y el presente aviso legal, como resultado del uso incorrecto del sitio Web. En particular y a modo de ejemplo, Bianna Creative Lab, S.L. no se hace responsable de las actuaciones de terceros que vulneren derechos de propiedad intelectual e industrial, secretos empresariales, derechos al honor, a la intimidad personal y familiar y a la propia imagen, as\u00ed como las normativa\u00a0 sobre competencia desleal y publicidad il\u00edcita.<\/li>\n<\/ol>\n<p>Asimismo, Bianna Creative Lab, S.L. declina cualquier responsabilidad respecto a la informaci\u00f3n que se encuentre fuera de este sitio web y no sea gestionada directamente por nuestro webmaster. La funci\u00f3n de los enlaces que aparecen en este sitio web es exclusivamente la de informar al usuario sobre la existencia de otras fuentes que podr\u00edan ampliar los contenidos ofrecidos por este sitio web. Bianna Creative Lab, S.L. no garantiza ni es responsable del funcionamiento o del acceso a los sitios enlazados, ni sugiere, invita o recomienda la visita a los mismos, por lo que tampoco ser\u00e1 responsable de los resultados obtenidos. El propietario de la p\u00e1gina web no es responsable del establecimiento de hiperv\u00ednculos por parte de terceros.<\/p>\n<p><strong>Publicaciones<\/strong><\/p>\n<p>La informaci\u00f3n administrativa facilitada a trav\u00e9s de este sitio web no sustituye la publicidad legal de las leyes, normativas, planes, disposiciones generales y actos que deben estar formalmente publicados en los boletines oficiales de las administraciones p\u00fablicas, que son el \u00fanico instrumento que da fe de su autenticidad y contenido. La informaci\u00f3n disponible en este sitio web debe entenderse como una gu\u00eda sin prop\u00f3sito de validez legal.<\/p>\n<\/div><\/div><\/div><\/div><\/div>\n","protected":false},"excerpt":{"rendered":"","protected":false},"author":1,"featured_media":0,"parent":0,"menu_order":0,"comment_status":"closed","ping_status":"closed","template":"","meta":{"footnotes":""},"class_list":["post-9701","page","type-page","status-publish","hentry"],"_links":{"self":[{"href":"https:\/\/biannalab.com\/pt-pt\/wp-json\/wp\/v2\/pages\/9701","targetHints":{"allow":["GET"]}}],"collection":[{"href":"https:\/\/biannalab.com\/pt-pt\/wp-json\/wp\/v2\/pages"}],"about":[{"href":"https:\/\/biannalab.com\/pt-pt\/wp-json\/wp\/v2\/types\/page"}],"author":[{"embeddable":true,"href":"https:\/\/biannalab.com\/pt-pt\/wp-json\/wp\/v2\/users\/1"}],"replies":[{"embeddable":true,"href":"https:\/\/biannalab.com\/pt-pt\/wp-json\/wp\/v2\/comments?post=9701"}],"version-history":[{"count":4,"href":"https:\/\/biannalab.com\/pt-pt\/wp-json\/wp\/v2\/pages\/9701\/revisions"}],"predecessor-version":[{"id":9710,"href":"https:\/\/biannalab.com\/pt-pt\/wp-json\/wp\/v2\/pages\/9701\/revisions\/9710"}],"wp:attachment":[{"href":"https:\/\/biannalab.com\/pt-pt\/wp-json\/wp\/v2\/media?parent=9701"}],"curies":[{"name":"wp","href":"https:\/\/api.w.org\/{rel}","templated":true}]}}