{"id":1714,"date":"2019-07-25T07:27:59","date_gmt":"2019-07-25T07:27:59","guid":{"rendered":"https:\/\/biannalab.com\/history\/"},"modified":"2022-12-15T10:22:11","modified_gmt":"2022-12-15T10:22:11","slug":"history","status":"publish","type":"page","link":"https:\/\/biannalab.com\/pt-pt\/history\/","title":{"rendered":"History"},"content":{"rendered":"<p><div class=\"fusion-fullwidth fullwidth-box fusion-builder-row-1 fusion-flex-container has-pattern-background has-mask-background hundred-percent-fullwidth non-hundred-percent-height-scrolling\" style=\"--awb-border-radius-top-left:0px;--awb-border-radius-top-right:0px;--awb-border-radius-bottom-right:0px;--awb-border-radius-bottom-left:0px;--awb-padding-right:0px;--awb-padding-left:0px;--awb-margin-bottom:0px;--awb-flex-wrap:wrap;\" ><div class=\"fusion-builder-row fusion-row fusion-flex-align-items-flex-start fusion-flex-content-wrap\" style=\"width:104% !important;max-width:104% !important;margin-left: calc(-4% \/ 2 );margin-right: calc(-4% \/ 2 );\"><div class=\"fusion-layout-column fusion_builder_column fusion-builder-column-0 fusion_builder_column_1_1 1_1 fusion-flex-column\" style=\"--awb-bg-size:cover;--awb-width-large:100%;--awb-margin-top-large:0px;--awb-spacing-right-large:1.92%;--awb-margin-bottom-large:0px;--awb-spacing-left-large:1.92%;--awb-width-medium:100%;--awb-spacing-right-medium:1.92%;--awb-spacing-left-medium:1.92%;--awb-width-small:100%;--awb-spacing-right-small:1.92%;--awb-spacing-left-small:1.92%;\"><div class=\"fusion-column-wrapper fusion-column-has-shadow fusion-flex-justify-content-flex-start fusion-content-layout-column\"><div class=\"fusion-video fusion-selfhosted-video\" style=\"max-width:100%;\"><div class=\"video-wrapper\"><video playsinline=\"true\" width=\"100%\" style=\"object-fit: cover;\" autoplay=\"true\" muted=\"true\" loop=\"true\" preload=\"auto\"><source src=\"https:\/\/biannalab.com\/wp-content\/uploads\/video\/History.mp4\" type=\"video\/mp4\">Sorry, your browser doesn&#039;t support embedded videos.<\/video><\/div><\/div><\/div><\/div><\/div><\/div><div class=\"fusion-fullwidth fullwidth-box fusion-builder-row-2 nonhundred-percent-fullwidth non-hundred-percent-height-scrolling fusion-no-small-visibility fusion-no-medium-visibility\" style=\"--awb-border-radius-top-left:0px;--awb-border-radius-top-right:0px;--awb-border-radius-bottom-right:0px;--awb-border-radius-bottom-left:0px;--awb-margin-top:-150px;--awb-flex-wrap:wrap;\" ><div class=\"fusion-builder-row fusion-row\"><div class=\"fusion-layout-column fusion_builder_column fusion-builder-column-1 fusion_builder_column_1_1 1_1 fusion-one-full fusion-column-first fusion-column-last\" style=\"--awb-bg-size:cover;\"><div class=\"fusion-column-wrapper fusion-column-has-shadow fusion-flex-column-wrapper-legacy\"><div class=\"fusion-title title fusion-title-1 fusion-sep-none fusion-title-text fusion-title-size-one\" style=\"--awb-margin-bottom:5px;\"><h1 class=\"fusion-title-heading title-heading-left fusion-responsive-typography-calculated\" style=\"margin:0;--fontSize:18;--minFontSize:18;line-height:1.3;\"><p style=\"text-align: left;\"><span style=\"color: #ffffff;\">ESP\u00cdRITO INCONFORMISTA<\/span><\/p><\/h1><\/div><div class=\"fusion-title title fusion-title-2 fusion-sep-none fusion-title-text fusion-title-size-two\"><h2 class=\"fusion-title-heading title-heading-left fusion-responsive-typography-calculated\" style=\"margin:0;--fontSize:38;line-height:1.3;\"><p class=\"p1\" style=\"text-align: left;\"><span style=\"color: #ffffff;\">DOIS UNIVERSOS ALINHADOS COM UMA VIS\u00c3O COMUM<\/span><\/p><\/h2><\/div><div class=\"fusion-clearfix\"><\/div><\/div><\/div><\/div><\/div><div class=\"fusion-fullwidth fullwidth-box fusion-builder-row-3 nonhundred-percent-fullwidth non-hundred-percent-height-scrolling fusion-no-small-visibility fusion-no-medium-visibility\" style=\"--awb-border-radius-top-left:0px;--awb-border-radius-top-right:0px;--awb-border-radius-bottom-right:0px;--awb-border-radius-bottom-left:0px;--awb-padding-top:150px;--awb-padding-bottom:30px;--awb-flex-wrap:wrap;\" ><div class=\"fusion-builder-row fusion-row\"><div class=\"fusion-layout-column fusion_builder_column fusion-builder-column-2 fusion_builder_column_1_2 1_2 fusion-one-half fusion-column-first\" style=\"--awb-bg-size:cover;width:50%;width:calc(50% - ( ( 4% ) * 0.5 ) );margin-right: 4%;\"><div class=\"fusion-column-wrapper fusion-column-has-shadow fusion-flex-column-wrapper-legacy\"><div class=\"fusion-text fusion-text-1\"><p>Bianna Creative Lab \u00e9 a conflu\u00eancia de dois mundos. Um espa\u00e7o de cria\u00e7\u00e3o e investiga\u00e7\u00e3o onde a arquitectura e a engenharia se unem. Miguel Subir\u00e0s e Jordi Sala lideram um projecto que tr\u00e1s ao mercado uma modifica\u00e7\u00e3o de paradigma na concep\u00e7\u00e3o de espa\u00e7os e de solu\u00e7\u00f5es para a habita\u00e7\u00e3o. Dois universos alinhados com uma vis\u00e3o em comum e anos de experi\u00eancia em paralelo. Duas traject\u00f3rias impulsionadas por um esp\u00edrito inconformista pr\u00f3prio de quem sempre busca e permanece atento.<\/p>\n<p>INOVA\u00c7\u00c3O<\/p>\n<p>Espa\u00e7os din\u00e2micos que se querem aproximar da natureza, que procuram a luz ou que se escondem, espa\u00e7os que desaparecem. Solu\u00e7\u00f5es para arquitetura na forma de espa\u00e7os ou m\u00f3veis para torn\u00e1-la mais eficiente, mais rica e que responda \u00e0s necessidades atuais. Num ambiente industrializado com a capacidade de transformar sonhos em realidade.<\/p>\n<p>EXPERI\u00caNCIA<\/p>\n<p>A Bianna Creative Lab resulta de d\u00e9cadas de experi\u00eancia no desenho e proje\u00e7\u00e3o de espa\u00e7os com a capacidade produtiva de alcance internacional de uma multinacional l\u00edder no campo da engenharia, fabrica\u00e7\u00e3o e proje\u00e7\u00e3o de equipamentos e instala\u00e7\u00f5es em pequena e grande escala. Um novo modelo de produ\u00e7\u00e3o para alcan\u00e7ar novas formas de entender todos os tipos de solu\u00e7\u00f5es arquitet\u00f3nicas sob o marco da inova\u00e7\u00e3o.<\/p>\n<p>CAPACIDADE<\/p>\n<p>Bianna Creative Lab, BCLAB, projeta constru\u00e7\u00f5es modulares, r\u00edgidas e concebidas como elementos de um processo industrial, rigoroso, altamente eficiente e estudado. Um sistema capaz de responder \u00e0s exig\u00eancias de um mercado que exige fiabilidade, elevada capacidade e alcance internacional.<\/p>\n<\/div><div class=\"fusion-clearfix\"><\/div><\/div><\/div><div class=\"fusion-layout-column fusion_builder_column fusion-builder-column-3 fusion_builder_column_1_2 1_2 fusion-one-half fusion-column-last\" style=\"--awb-bg-size:cover;width:50%;width:calc(50% - ( ( 4% ) * 0.5 ) );\"><div class=\"fusion-column-wrapper fusion-column-has-shadow fusion-flex-column-wrapper-legacy\"><div class=\"fusion-clearfix\"><\/div><\/div><\/div><\/div><\/div><div class=\"fusion-fullwidth fullwidth-box fusion-builder-row-4 nonhundred-percent-fullwidth non-hundred-percent-height-scrolling fusion-no-large-visibility\" style=\"--awb-border-radius-top-left:0px;--awb-border-radius-top-right:0px;--awb-border-radius-bottom-right:0px;--awb-border-radius-bottom-left:0px;--awb-padding-top:30px;--awb-margin-bottom:0px;--awb-flex-wrap:wrap;\" ><div class=\"fusion-builder-row fusion-row\"><div class=\"fusion-layout-column fusion_builder_column fusion-builder-column-4 fusion_builder_column_1_1 1_1 fusion-one-full fusion-column-first fusion-column-last\" style=\"--awb-bg-size:cover;\"><div class=\"fusion-column-wrapper fusion-column-has-shadow fusion-flex-column-wrapper-legacy\"><div class=\"fusion-title title fusion-title-3 fusion-sep-none fusion-title-text fusion-title-size-one\" style=\"--awb-margin-bottom:5px;\"><h1 class=\"fusion-title-heading title-heading-left fusion-responsive-typography-calculated\" style=\"margin:0;--fontSize:18;--minFontSize:18;line-height:1.3;\">ESP\u00cdRITO INCONFORMISTA<\/h1><\/div><div class=\"fusion-title title fusion-title-4 fusion-sep-none fusion-title-text fusion-title-size-two\"><h2 class=\"fusion-title-heading title-heading-left fusion-responsive-typography-calculated\" style=\"margin:0;--fontSize:38;line-height:1.3;\">DOIS UNIVERSOS ALINHADOS COM UMA VIS\u00c3O COMUM<\/h2><\/div><div class=\"fusion-clearfix\"><\/div><\/div><\/div><div class=\"fusion-layout-column fusion_builder_column fusion-builder-column-5 fusion_builder_column_1_2 1_2 fusion-one-half fusion-column-first\" style=\"--awb-bg-size:cover;width:50%;width:calc(50% - ( ( 4% ) * 0.5 ) );margin-right: 4%;\"><div class=\"fusion-column-wrapper fusion-column-has-shadow fusion-flex-column-wrapper-legacy\"><div class=\"fusion-text fusion-text-2\"><p>Bianna Creative Lab \u00e9 a conflu\u00eancia de dois mundos. Um espa\u00e7o de cria\u00e7\u00e3o e investiga\u00e7\u00e3o onde a arquitectura e a engenharia se unem. Miguel Subir\u00e0s e Jordi Sala lideram um projecto que tr\u00e1s ao mercado uma modifica\u00e7\u00e3o de paradigma na concep\u00e7\u00e3o de espa\u00e7os e de solu\u00e7\u00f5es para a habita\u00e7\u00e3o. Dois universos alinhados com uma vis\u00e3o em comum e anos de experi\u00eancia em paralelo. Duas traject\u00f3rias impulsionadas por um esp\u00edrito inconformista pr\u00f3prio de quem sempre busca e permanece atento.<\/p>\n<p>INOVA\u00c7\u00c3O<\/p>\n<p>Espa\u00e7os din\u00e2micos que se querem aproximar da natureza, que procuram a luz ou que se escondem, espa\u00e7os que desaparecem. Solu\u00e7\u00f5es para arquitetura na forma de espa\u00e7os ou m\u00f3veis para torn\u00e1-la mais eficiente, mais rica e que responda \u00e0s necessidades atuais. Num ambiente industrializado com a capacidade de transformar sonhos em realidade.<\/p>\n<p>EXPERI\u00caNCIA<\/p>\n<p>A Bianna Creative Lab resulta de d\u00e9cadas de experi\u00eancia no desenho e proje\u00e7\u00e3o de espa\u00e7os com a capacidade produtiva de alcance internacional de uma multinacional l\u00edder no campo da engenharia, fabrica\u00e7\u00e3o e proje\u00e7\u00e3o de equipamentos e instala\u00e7\u00f5es em pequena e grande escala. Um novo modelo de produ\u00e7\u00e3o para alcan\u00e7ar novas formas de entender todos os tipos de solu\u00e7\u00f5es arquitet\u00f3nicas sob o marco da inova\u00e7\u00e3o.<\/p>\n<p>CAPACIDADE<\/p>\n<p>Bianna Creative Lab, BCLAB, projeta constru\u00e7\u00f5es modulares, r\u00edgidas e concebidas como elementos de um processo industrial, rigoroso, altamente eficiente e estudado. Um sistema capaz de responder \u00e0s exig\u00eancias de um mercado que exige fiabilidade, elevada capacidade e alcance internacional.<\/p>\n<\/div><div class=\"fusion-clearfix\"><\/div><\/div><\/div><div class=\"fusion-layout-column fusion_builder_column fusion-builder-column-6 fusion_builder_column_1_2 1_2 fusion-one-half fusion-column-last\" style=\"--awb-bg-size:cover;width:50%;width:calc(50% - ( ( 4% ) * 0.5 ) );\"><div class=\"fusion-column-wrapper fusion-column-has-shadow fusion-flex-column-wrapper-legacy\"><div class=\"fusion-clearfix\"><\/div><\/div><\/div><\/div><\/div><div class=\"fusion-fullwidth fullwidth-box fusion-builder-row-5 nonhundred-percent-fullwidth non-hundred-percent-height-scrolling fusion-no-large-visibility\" style=\"--awb-border-radius-top-left:0px;--awb-border-radius-top-right:0px;--awb-border-radius-bottom-right:0px;--awb-border-radius-bottom-left:0px;--awb-margin-bottom:30px;--awb-flex-wrap:wrap;\" ><div class=\"fusion-builder-row fusion-row\"><div class=\"fusion-layout-column fusion_builder_column fusion-builder-column-7 fusion_builder_column_1_2 1_2 fusion-one-half fusion-column-first\" style=\"--awb-bg-size:cover;width:50%;width:calc(50% - ( ( 4% ) * 0.5 ) );margin-right: 4%;\"><div class=\"fusion-column-wrapper fusion-column-has-shadow fusion-flex-column-wrapper-legacy\"><div class=\"fusion-text fusion-text-3\"><h2>BCLAB, UM AMBIENTE INDUSTRIALIZADO DE PRIMEIRO N\u00cdVEL, COM UMA EQUIPA HUMANA EFICIENTE, QUE COM A SUA PAIX\u00c3O TRANSFORMA SONHOS EM REALIDADE<\/h2>\n<\/div><div class=\"fusion-clearfix\"><\/div><\/div><\/div><div class=\"fusion-layout-column fusion_builder_column fusion-builder-column-8 fusion_builder_column_1_2 1_2 fusion-one-half fusion-column-last\" style=\"--awb-bg-size:cover;width:50%;width:calc(50% - ( ( 4% ) * 0.5 ) );\"><div class=\"fusion-column-wrapper fusion-column-has-shadow fusion-flex-column-wrapper-legacy\"><div class=\"fusion-clearfix\"><\/div><\/div><\/div><\/div><\/div><div class=\"fusion-fullwidth fullwidth-box fusion-builder-row-6 nonhundred-percent-fullwidth non-hundred-percent-height-scrolling fusion-no-small-visibility fusion-no-medium-visibility\" style=\"--awb-border-radius-top-left:0px;--awb-border-radius-top-right:0px;--awb-border-radius-bottom-right:0px;--awb-border-radius-bottom-left:0px;--awb-margin-bottom:60px;--awb-flex-wrap:wrap;\" ><div class=\"fusion-builder-row fusion-row\"><div class=\"fusion-layout-column fusion_builder_column fusion-builder-column-9 fusion_builder_column_1_2 1_2 fusion-one-half fusion-column-first\" style=\"--awb-bg-size:cover;width:50%;width:calc(50% - ( ( 4% ) * 0.5 ) );margin-right: 4%;\"><div class=\"fusion-column-wrapper fusion-column-has-shadow fusion-flex-column-wrapper-legacy\"><div class=\"fusion-text fusion-text-4\" style=\"--awb-content-alignment:left;\"><h2>BCLAB, UM AMBIENTE INDUSTRIALIZADO DE PRIMEIRO N\u00cdVEL, COM UMA EQUIPA HUMANA EFICIENTE, QUE COM A SUA PAIX\u00c3O TRANSFORMA SONHOS EM REALIDADE<\/h2>\n<\/div><div class=\"fusion-clearfix\"><\/div><\/div><\/div><div class=\"fusion-layout-column fusion_builder_column fusion-builder-column-10 fusion_builder_column_1_2 1_2 fusion-one-half fusion-column-last\" style=\"--awb-bg-size:cover;width:50%;width:calc(50% - ( ( 4% ) * 0.5 ) );\"><div class=\"fusion-column-wrapper fusion-column-has-shadow fusion-flex-column-wrapper-legacy\"><div class=\"fusion-clearfix\"><\/div><\/div><\/div><\/div><\/div><div class=\"fusion-fullwidth fullwidth-box fusion-builder-row-7 fusion-flex-container has-pattern-background has-mask-background hundred-percent-fullwidth non-hundred-percent-height-scrolling\" style=\"--awb-border-radius-top-left:0px;--awb-border-radius-top-right:0px;--awb-border-radius-bottom-right:0px;--awb-border-radius-bottom-left:0px;--awb-padding-right:0px;--awb-padding-left:0px;--awb-margin-bottom:0px;--awb-flex-wrap:wrap;\" ><div class=\"fusion-builder-row fusion-row fusion-flex-align-items-flex-start fusion-flex-content-wrap\" style=\"width:104% !important;max-width:104% !important;margin-left: calc(-4% \/ 2 );margin-right: calc(-4% \/ 2 );\"><div class=\"fusion-layout-column fusion_builder_column fusion-builder-column-11 fusion_builder_column_1_1 1_1 fusion-flex-column\" style=\"--awb-bg-size:cover;--awb-width-large:100%;--awb-margin-top-large:0px;--awb-spacing-right-large:1.92%;--awb-margin-bottom-large:0px;--awb-spacing-left-large:1.92%;--awb-width-medium:100%;--awb-spacing-right-medium:1.92%;--awb-spacing-left-medium:1.92%;--awb-width-small:100%;--awb-spacing-right-small:1.92%;--awb-spacing-left-small:1.92%;\"><div class=\"fusion-column-wrapper fusion-column-has-shadow fusion-flex-justify-content-flex-start fusion-content-layout-column\"><div class=\"fusion-video fusion-selfhosted-video\" style=\"max-width:100%;\"><div class=\"video-wrapper\"><video playsinline=\"true\" width=\"100%\" style=\"object-fit: cover;\" autoplay=\"true\" muted=\"true\" loop=\"true\" preload=\"auto\"><source src=\"https:\/\/biannalab.com\/wp-content\/uploads\/video\/Production.mp4\" type=\"video\/mp4\">Sorry, your browser doesn&#039;t support embedded videos.<\/video><\/div><\/div><\/div><\/div><\/div><\/div><\/p>\n","protected":false},"excerpt":{"rendered":"","protected":false},"author":1,"featured_media":0,"parent":0,"menu_order":0,"comment_status":"closed","ping_status":"closed","template":"100-width.php","meta":{"footnotes":""},"class_list":["post-1714","page","type-page","status-publish","hentry"],"_links":{"self":[{"href":"https:\/\/biannalab.com\/pt-pt\/wp-json\/wp\/v2\/pages\/1714","targetHints":{"allow":["GET"]}}],"collection":[{"href":"https:\/\/biannalab.com\/pt-pt\/wp-json\/wp\/v2\/pages"}],"about":[{"href":"https:\/\/biannalab.com\/pt-pt\/wp-json\/wp\/v2\/types\/page"}],"author":[{"embeddable":true,"href":"https:\/\/biannalab.com\/pt-pt\/wp-json\/wp\/v2\/users\/1"}],"replies":[{"embeddable":true,"href":"https:\/\/biannalab.com\/pt-pt\/wp-json\/wp\/v2\/comments?post=1714"}],"version-history":[{"count":5,"href":"https:\/\/biannalab.com\/pt-pt\/wp-json\/wp\/v2\/pages\/1714\/revisions"}],"predecessor-version":[{"id":10381,"href":"https:\/\/biannalab.com\/pt-pt\/wp-json\/wp\/v2\/pages\/1714\/revisions\/10381"}],"wp:attachment":[{"href":"https:\/\/biannalab.com\/pt-pt\/wp-json\/wp\/v2\/media?parent=1714"}],"curies":[{"name":"wp","href":"https:\/\/api.w.org\/{rel}","templated":true}]}}