{"id":4848,"date":"2019-07-25T07:27:59","date_gmt":"2019-07-25T07:27:59","guid":{"rendered":"https:\/\/biannalab.com\/history\/"},"modified":"2022-12-15T10:21:58","modified_gmt":"2022-12-15T10:21:58","slug":"history","status":"publish","type":"page","link":"https:\/\/biannalab.com\/fr\/history\/","title":{"rendered":"History"},"content":{"rendered":"<p><div class=\"fusion-fullwidth fullwidth-box fusion-builder-row-1 fusion-flex-container has-pattern-background has-mask-background hundred-percent-fullwidth non-hundred-percent-height-scrolling\" style=\"--awb-border-radius-top-left:0px;--awb-border-radius-top-right:0px;--awb-border-radius-bottom-right:0px;--awb-border-radius-bottom-left:0px;--awb-padding-right:0px;--awb-padding-left:0px;--awb-margin-bottom:0px;--awb-flex-wrap:wrap;\" ><div class=\"fusion-builder-row fusion-row fusion-flex-align-items-flex-start fusion-flex-content-wrap\" style=\"width:104% !important;max-width:104% !important;margin-left: calc(-4% \/ 2 );margin-right: calc(-4% \/ 2 );\"><div class=\"fusion-layout-column fusion_builder_column fusion-builder-column-0 fusion_builder_column_1_1 1_1 fusion-flex-column\" style=\"--awb-bg-size:cover;--awb-width-large:100%;--awb-margin-top-large:0px;--awb-spacing-right-large:1.92%;--awb-margin-bottom-large:0px;--awb-spacing-left-large:1.92%;--awb-width-medium:100%;--awb-spacing-right-medium:1.92%;--awb-spacing-left-medium:1.92%;--awb-width-small:100%;--awb-spacing-right-small:1.92%;--awb-spacing-left-small:1.92%;\"><div class=\"fusion-column-wrapper fusion-column-has-shadow fusion-flex-justify-content-flex-start fusion-content-layout-column\"><div class=\"fusion-video fusion-selfhosted-video\" style=\"max-width:100%;\"><div class=\"video-wrapper\"><video playsinline=\"true\" width=\"100%\" style=\"object-fit: cover;\" autoplay=\"true\" muted=\"true\" loop=\"true\" preload=\"auto\"><source src=\"https:\/\/biannalab.com\/wp-content\/uploads\/video\/History.mp4\" type=\"video\/mp4\">Sorry, your browser doesn&#039;t support embedded videos.<\/video><\/div><\/div><\/div><\/div><\/div><\/div><div class=\"fusion-fullwidth fullwidth-box fusion-builder-row-2 nonhundred-percent-fullwidth non-hundred-percent-height-scrolling fusion-no-small-visibility fusion-no-medium-visibility\" style=\"--awb-border-radius-top-left:0px;--awb-border-radius-top-right:0px;--awb-border-radius-bottom-right:0px;--awb-border-radius-bottom-left:0px;--awb-margin-top:-200px;--awb-flex-wrap:wrap;\" ><div class=\"fusion-builder-row fusion-row\"><div class=\"fusion-layout-column fusion_builder_column fusion-builder-column-1 fusion_builder_column_1_1 1_1 fusion-one-full fusion-column-first fusion-column-last\" style=\"--awb-bg-size:cover;\"><div class=\"fusion-column-wrapper fusion-column-has-shadow fusion-flex-column-wrapper-legacy\"><div class=\"fusion-title title fusion-title-1 fusion-sep-none fusion-title-text fusion-title-size-one\" style=\"--awb-margin-bottom:5px;\"><h1 class=\"fusion-title-heading title-heading-left fusion-responsive-typography-calculated\" style=\"margin:0;--fontSize:18;--minFontSize:18;line-height:1.3;\"><p style=\"text-align: left;\"><span style=\"color: #ffffff;\">ESPRIT NON-CONFIRMISTE<\/span><\/p><\/h1><\/div><div class=\"fusion-title title fusion-title-2 fusion-sep-none fusion-title-text fusion-title-size-two\"><h2 class=\"fusion-title-heading title-heading-left fusion-responsive-typography-calculated\" style=\"margin:0;--fontSize:38;line-height:1.3;\"><p class=\"p1\" style=\"text-align: left;\"><span style=\"color: #ffffff;\">DEUX UNIVERS ALIGN\u00c9S AVEC UNE VISION COMMUNE<\/span><\/p><\/h2><\/div><div class=\"fusion-clearfix\"><\/div><\/div><\/div><\/div><\/div><div class=\"fusion-fullwidth fullwidth-box fusion-builder-row-3 nonhundred-percent-fullwidth non-hundred-percent-height-scrolling fusion-no-small-visibility fusion-no-medium-visibility\" style=\"--awb-border-radius-top-left:0px;--awb-border-radius-top-right:0px;--awb-border-radius-bottom-right:0px;--awb-border-radius-bottom-left:0px;--awb-padding-top:150px;--awb-padding-bottom:30px;--awb-flex-wrap:wrap;\" ><div class=\"fusion-builder-row fusion-row\"><div class=\"fusion-layout-column fusion_builder_column fusion-builder-column-2 fusion_builder_column_1_2 1_2 fusion-one-half fusion-column-first\" style=\"--awb-bg-size:cover;width:50%;width:calc(50% - ( ( 4% ) * 0.5 ) );margin-right: 4%;\"><div class=\"fusion-column-wrapper fusion-column-has-shadow fusion-flex-column-wrapper-legacy\"><div class=\"fusion-text fusion-text-1\"><p>Bianna Creatibe Lab est la confluence de deux mondes. Un espace pour la cr\u00e9ation et l\u2019investigation o\u00f9 l\u2019architecture et l\u2019ing\u00e9nierie vont de pair. Miquel Subir\u00e0s et Jordi Sala m\u00e8nent un projet qui met sur le march\u00e9 un changement de paradigme en ce qui concerne la conception des espaces et de solutions dans l\u2019habitat. Deux univers align\u00e9s avec une vision commune et des ann\u00e9es d\u2019exp\u00e9rience en m\u00eame temps. Deux trajectoires encourag\u00e9es par un esprit non-conformiste propre de celui qui ne cesse de rechercher tout en restant attentif.<\/p>\n<p>INNOVATION<\/p>\n<p>Des espaces dynamiques qui souhaitent d\u00e9couvrir la nature, qui cherchent la lumi\u00e8re ou qui se cachent, des espaces disparus. Solutions pour l\u2019architecture sous forme d\u2019espaces ou meubles afin de la rendre plus efficace, plus riche en r\u00e9pondant aux besoins actuels. Dans un environnement industrialis\u00e9 avec la capacit\u00e9 de transformer les id\u00e9es en r\u00e9alit\u00e9s concr\u00e8tes.<\/p>\n<p>EXP\u00c9RIENCE<\/p>\n<p>Chez Bianna Creative Lab des dizaines d\u2019ann\u00e9es d\u2019exp\u00e9rience dans le secteur de la conception et projection d\u2019espaces se rencontrent avec la capacit\u00e9 productive de port\u00e9e internationale d\u2019une soci\u00e9t\u00e9 multinationale de r\u00e9f\u00e9rence dans le domaine de l\u2019ing\u00e9nierie, la fabrication et la projection des \u00e9quipements et des installations \u00e0 grande et \u00e0 petite \u00e9chelle. Un nouveau mod\u00e8le de production afin de r\u00e9ussir toute sorte de solutions architecturales dans le cadre de l\u2019innovation.<\/p>\n<p>CAPACIT\u00c9<\/p>\n<p>Bianna Creative Lab, BCLAB, r\u00e9alise des constructions modulaires, qui sont r\u00e9gis et envisag\u00e9s comme des \u00e9l\u00e9ments d\u2019un processus industriel pr\u00e9cis, hautement efficace et soigneusement examin\u00e9. Un syst\u00e8me capable de r\u00e9pondre aux besoins d\u2019un march\u00e9 qui exige flexibilit\u00e9, haute capacit\u00e9 et port\u00e9 internationale.<\/p>\n<\/div><div class=\"fusion-clearfix\"><\/div><\/div><\/div><div class=\"fusion-layout-column fusion_builder_column fusion-builder-column-3 fusion_builder_column_1_2 1_2 fusion-one-half fusion-column-last\" style=\"--awb-bg-size:cover;width:50%;width:calc(50% - ( ( 4% ) * 0.5 ) );\"><div class=\"fusion-column-wrapper fusion-column-has-shadow fusion-flex-column-wrapper-legacy\"><div class=\"fusion-clearfix\"><\/div><\/div><\/div><\/div><\/div><div class=\"fusion-fullwidth fullwidth-box fusion-builder-row-4 nonhundred-percent-fullwidth non-hundred-percent-height-scrolling fusion-no-large-visibility\" style=\"--awb-border-radius-top-left:0px;--awb-border-radius-top-right:0px;--awb-border-radius-bottom-right:0px;--awb-border-radius-bottom-left:0px;--awb-padding-top:30px;--awb-margin-bottom:0px;--awb-flex-wrap:wrap;\" ><div class=\"fusion-builder-row fusion-row\"><div class=\"fusion-layout-column fusion_builder_column fusion-builder-column-4 fusion_builder_column_1_1 1_1 fusion-one-full fusion-column-first fusion-column-last\" style=\"--awb-bg-size:cover;\"><div class=\"fusion-column-wrapper fusion-column-has-shadow fusion-flex-column-wrapper-legacy\"><div class=\"fusion-title title fusion-title-3 fusion-sep-none fusion-title-text fusion-title-size-one\" style=\"--awb-margin-bottom:5px;\"><h1 class=\"fusion-title-heading title-heading-left fusion-responsive-typography-calculated\" style=\"margin:0;--fontSize:18;--minFontSize:18;line-height:1.3;\">ESPRIT NON-CONFIRMISTE<\/h1><\/div><div class=\"fusion-title title fusion-title-4 fusion-sep-none fusion-title-text fusion-title-size-two\"><h2 class=\"fusion-title-heading title-heading-left fusion-responsive-typography-calculated\" style=\"margin:0;--fontSize:38;line-height:1.3;\">DEUX UNIVERS ALIGN\u00c9S AVEC UNE VISION COMMUNE<\/h2><\/div><div class=\"fusion-clearfix\"><\/div><\/div><\/div><div class=\"fusion-layout-column fusion_builder_column fusion-builder-column-5 fusion_builder_column_1_2 1_2 fusion-one-half fusion-column-first\" style=\"--awb-bg-size:cover;width:50%;width:calc(50% - ( ( 4% ) * 0.5 ) );margin-right: 4%;\"><div class=\"fusion-column-wrapper fusion-column-has-shadow fusion-flex-column-wrapper-legacy\"><div class=\"fusion-text fusion-text-2\"><p>Bianna Creatibe Lab est la confluence de deux mondes. Un espace pour la cr\u00e9ation et l\u2019investigation o\u00f9 l\u2019architecture et l\u2019ing\u00e9nierie vont de pair. Miquel Subir\u00e0s et Jordi Sala m\u00e8nent un projet qui met sur le march\u00e9 un changement de paradigme en ce qui concerne la conception des espaces et de solutions dans l\u2019habitat. Deux univers align\u00e9s avec une vision commune et des ann\u00e9es d\u2019exp\u00e9rience en m\u00eame temps. Deux trajectoires encourag\u00e9es par un esprit non-conformiste propre de celui qui ne cesse de rechercher tout en restant attentif.<\/p>\n<p>INNOVATION<\/p>\n<p>Des espaces dynamiques qui souhaitent d\u00e9couvrir la nature, qui cherchent la lumi\u00e8re ou qui se cachent, des espaces disparus. Solutions pour l\u2019architecture sous forme d\u2019espaces ou meubles afin de la rendre plus efficace, plus riche en r\u00e9pondant aux besoins actuels. Dans un environnement industrialis\u00e9 avec la capacit\u00e9 de transformer les id\u00e9es en r\u00e9alit\u00e9s concr\u00e8tes.<\/p>\n<p>EXP\u00c9RIENCE<\/p>\n<p>Chez Bianna Creative Lab des dizaines d\u2019ann\u00e9es d\u2019exp\u00e9rience dans le secteur de la conception et projection d\u2019espaces se rencontrent avec la capacit\u00e9 productive de port\u00e9e internationale d\u2019une soci\u00e9t\u00e9 multinationale de r\u00e9f\u00e9rence dans le domaine de l\u2019ing\u00e9nierie, la fabrication et la projection des \u00e9quipements et des installations \u00e0 grande et \u00e0 petite \u00e9chelle. Un nouveau mod\u00e8le de production afin de r\u00e9ussir toute sorte de solutions architecturales dans le cadre de l\u2019innovation.<\/p>\n<p>CAPACIT\u00c9<\/p>\n<p>Bianna Creative Lab, BCLAB, r\u00e9alise des constructions modulaires, qui sont r\u00e9gis et envisag\u00e9s comme des \u00e9l\u00e9ments d\u2019un processus industriel pr\u00e9cis, hautement efficace et soigneusement examin\u00e9. Un syst\u00e8me capable de r\u00e9pondre aux besoins d\u2019un march\u00e9 qui exige flexibilit\u00e9, haute capacit\u00e9 et port\u00e9 internationale.<\/p>\n<\/div><div class=\"fusion-clearfix\"><\/div><\/div><\/div><div class=\"fusion-layout-column fusion_builder_column fusion-builder-column-6 fusion_builder_column_1_2 1_2 fusion-one-half fusion-column-last\" style=\"--awb-bg-size:cover;width:50%;width:calc(50% - ( ( 4% ) * 0.5 ) );\"><div class=\"fusion-column-wrapper fusion-column-has-shadow fusion-flex-column-wrapper-legacy\"><div class=\"fusion-clearfix\"><\/div><\/div><\/div><\/div><\/div><div class=\"fusion-fullwidth fullwidth-box fusion-builder-row-5 nonhundred-percent-fullwidth non-hundred-percent-height-scrolling fusion-no-large-visibility\" style=\"--awb-border-radius-top-left:0px;--awb-border-radius-top-right:0px;--awb-border-radius-bottom-right:0px;--awb-border-radius-bottom-left:0px;--awb-margin-bottom:30px;--awb-flex-wrap:wrap;\" ><div class=\"fusion-builder-row fusion-row\"><div class=\"fusion-layout-column fusion_builder_column fusion-builder-column-7 fusion_builder_column_1_2 1_2 fusion-one-half fusion-column-first\" style=\"--awb-bg-size:cover;width:50%;width:calc(50% - ( ( 4% ) * 0.5 ) );margin-right: 4%;\"><div class=\"fusion-column-wrapper fusion-column-has-shadow fusion-flex-column-wrapper-legacy\"><div class=\"fusion-text fusion-text-3\"><h2>BCLAB, UN ENVIRONNEMENT INDUSTRIALIS\u00c9 DE PREMIER RANG AVEC UNE \u00c9QUIPE HUMAINE HAUTEMENT QUALIFI\u00c9, QUI GR\u00c2CE \u00c0 LEUR PASSION ET TRAVAIL TRANSFORME LES R\u00caVES EN R\u00c9ALIT\u00c9.<\/h2>\n<\/div><div class=\"fusion-clearfix\"><\/div><\/div><\/div><div class=\"fusion-layout-column fusion_builder_column fusion-builder-column-8 fusion_builder_column_1_2 1_2 fusion-one-half fusion-column-last\" style=\"--awb-bg-size:cover;width:50%;width:calc(50% - ( ( 4% ) * 0.5 ) );\"><div class=\"fusion-column-wrapper fusion-column-has-shadow fusion-flex-column-wrapper-legacy\"><div class=\"fusion-clearfix\"><\/div><\/div><\/div><\/div><\/div><div class=\"fusion-fullwidth fullwidth-box fusion-builder-row-6 nonhundred-percent-fullwidth non-hundred-percent-height-scrolling fusion-no-small-visibility fusion-no-medium-visibility\" style=\"--awb-border-radius-top-left:0px;--awb-border-radius-top-right:0px;--awb-border-radius-bottom-right:0px;--awb-border-radius-bottom-left:0px;--awb-margin-bottom:60px;--awb-flex-wrap:wrap;\" ><div class=\"fusion-builder-row fusion-row\"><div class=\"fusion-layout-column fusion_builder_column fusion-builder-column-9 fusion_builder_column_1_2 1_2 fusion-one-half fusion-column-first\" style=\"--awb-bg-size:cover;width:50%;width:calc(50% - ( ( 4% ) * 0.5 ) );margin-right: 4%;\"><div class=\"fusion-column-wrapper fusion-column-has-shadow fusion-flex-column-wrapper-legacy\"><div class=\"fusion-text fusion-text-4\" style=\"--awb-content-alignment:left;\"><h2>BCLAB, UN ENVIRONNEMENT INDUSTRIALIS\u00c9 DE PREMIER RANG AVEC UNE \u00c9QUIPE HUMAINE HAUTEMENT QUALIFI\u00c9, QUI GR\u00c2CE \u00c0 LEUR PASSION ET TRAVAIL TRANSFORME LES R\u00caVES EN R\u00c9ALIT\u00c9.<\/h2>\n<\/div><div class=\"fusion-clearfix\"><\/div><\/div><\/div><div class=\"fusion-layout-column fusion_builder_column fusion-builder-column-10 fusion_builder_column_1_2 1_2 fusion-one-half fusion-column-last\" style=\"--awb-bg-size:cover;width:50%;width:calc(50% - ( ( 4% ) * 0.5 ) );\"><div class=\"fusion-column-wrapper fusion-column-has-shadow fusion-flex-column-wrapper-legacy\"><div class=\"fusion-clearfix\"><\/div><\/div><\/div><\/div><\/div><div class=\"fusion-fullwidth fullwidth-box fusion-builder-row-7 fusion-flex-container has-pattern-background has-mask-background hundred-percent-fullwidth non-hundred-percent-height-scrolling\" style=\"--awb-border-radius-top-left:0px;--awb-border-radius-top-right:0px;--awb-border-radius-bottom-right:0px;--awb-border-radius-bottom-left:0px;--awb-padding-right:0px;--awb-padding-left:0px;--awb-margin-bottom:0px;--awb-flex-wrap:wrap;\" ><div class=\"fusion-builder-row fusion-row fusion-flex-align-items-flex-start fusion-flex-content-wrap\" style=\"width:104% !important;max-width:104% !important;margin-left: calc(-4% \/ 2 );margin-right: calc(-4% \/ 2 );\"><div class=\"fusion-layout-column fusion_builder_column fusion-builder-column-11 fusion_builder_column_1_1 1_1 fusion-flex-column\" style=\"--awb-bg-size:cover;--awb-width-large:100%;--awb-margin-top-large:0px;--awb-spacing-right-large:1.92%;--awb-margin-bottom-large:0px;--awb-spacing-left-large:1.92%;--awb-width-medium:100%;--awb-spacing-right-medium:1.92%;--awb-spacing-left-medium:1.92%;--awb-width-small:100%;--awb-spacing-right-small:1.92%;--awb-spacing-left-small:1.92%;\"><div class=\"fusion-column-wrapper fusion-column-has-shadow fusion-flex-justify-content-flex-start fusion-content-layout-column\"><div class=\"fusion-video fusion-selfhosted-video\" style=\"max-width:100%;\"><div class=\"video-wrapper\"><video playsinline=\"true\" width=\"100%\" style=\"object-fit: cover;\" autoplay=\"true\" muted=\"true\" loop=\"true\" preload=\"auto\"><source src=\"https:\/\/biannalab.com\/wp-content\/uploads\/video\/Production.mp4\" type=\"video\/mp4\">Sorry, your browser doesn&#039;t support embedded videos.<\/video><\/div><\/div><\/div><\/div><\/div><\/div><\/p>\n","protected":false},"excerpt":{"rendered":"","protected":false},"author":1,"featured_media":0,"parent":0,"menu_order":0,"comment_status":"closed","ping_status":"closed","template":"100-width.php","meta":{"footnotes":""},"class_list":["post-4848","page","type-page","status-publish","hentry"],"_links":{"self":[{"href":"https:\/\/biannalab.com\/fr\/wp-json\/wp\/v2\/pages\/4848","targetHints":{"allow":["GET"]}}],"collection":[{"href":"https:\/\/biannalab.com\/fr\/wp-json\/wp\/v2\/pages"}],"about":[{"href":"https:\/\/biannalab.com\/fr\/wp-json\/wp\/v2\/types\/page"}],"author":[{"embeddable":true,"href":"https:\/\/biannalab.com\/fr\/wp-json\/wp\/v2\/users\/1"}],"replies":[{"embeddable":true,"href":"https:\/\/biannalab.com\/fr\/wp-json\/wp\/v2\/comments?post=4848"}],"version-history":[{"count":4,"href":"https:\/\/biannalab.com\/fr\/wp-json\/wp\/v2\/pages\/4848\/revisions"}],"predecessor-version":[{"id":10380,"href":"https:\/\/biannalab.com\/fr\/wp-json\/wp\/v2\/pages\/4848\/revisions\/10380"}],"wp:attachment":[{"href":"https:\/\/biannalab.com\/fr\/wp-json\/wp\/v2\/media?parent=4848"}],"curies":[{"name":"wp","href":"https:\/\/api.w.org\/{rel}","templated":true}]}}